{"id":10952,"date":"2018-06-05T09:26:12","date_gmt":"2018-06-05T07:26:12","guid":{"rendered":"https:\/\/www.lampandco.com\/?page_id=10952"},"modified":"2020-02-24T09:45:17","modified_gmt":"2020-02-24T08:45:17","slug":"politique-de-confidentialite","status":"publish","type":"page","link":"https:\/\/www.lampandco.com\/en\/politique-de-confidentialite\/","title":{"rendered":"Politique de confidentialit\u00e9"},"content":{"rendered":"<h3><b>1 &#8211; ABOUT US :<\/b><\/h3>\n<p>The data controller for your personal information is\u00a0:<\/p>\n<p><b>L&amp;C Workshop SARL (hereafter Lamp &amp; Co)<\/b><\/p>\n<p>Lamp&amp;Co is\u00a0registered with the register of commerce and companies of Melun under number 881 557 805. having its registered office at 16, avenue Jean Jaur\u00e8s \u2013 77250 Moret sur Loing (France).<\/p>\n<h3><b>2-YOUR PERSONAL DATA :<\/b><\/h3>\n<h4><b>A) Datas collected :<\/b><\/h4>\n<p>Afin de passer commande sur notre site internet, vous cr\u00e9ez un compte client, nous contactez ou bien vous abonnez \u00e0 notre newsletter et autres activit\u00e9s marketing, vous nous fournissez en g\u00e9n\u00e9ral les donn\u00e9es suivantes :<\/p>\n<p>&#8211; Vos donn\u00e9es d\u2019identification et vos coordonn\u00e9es : votre pr\u00e9nom, votre nom, la langue et le pays depuis lequel vous interagissez avec nous, ainsi que vos donn\u00e9es de contact telles que votre adresse e-mail, adresse postale, adresse de livraison et votre num\u00e9ro de t\u00e9l\u00e9phone.<\/p>\n<p>&#8211; L\u2019information \u00e9conomique et de paiement : vos coordonn\u00e9es bancaire (veuillez prendre en compte que toutes les transactions de paiement sont crypt\u00e9es par la banque r\u00e9ceptrice, nous ne conservons aucun num\u00e9ro de carte), l\u2019information sur vos achats, vos commandes, vos retours, etc.<\/p>\n<p>&#8211; les donn\u00e9es de connexion, de g\u00e9olocalisation et de navigation<\/p>\n<p>&#8211; Votre profil &#8211; si vous ouvrez un compte client, vous cr\u00e9ez alors un profil et vous vous identifiez lors de vos visites sur notre site internet, des donn\u00e9es seront donc sauvegard\u00e9es telles que votre identifiant client et mot de passe, vos r\u00e9cents achats ou encore vos pr\u00e9f\u00e9rences.<\/p>\n<p>&#8211; Vos pr\u00e9f\u00e9rences personnelles : cela comprend votre liste de souhaits, vos pr\u00e9f\u00e9rences marketing et en mati\u00e8re de cookie<\/p>\n<p>&#8211; Informations personnelles additionnelles &#8211; Vous pouvez \u00e9galement nous fournir d\u2019autres informations personnelles telles que votre date de naissance, genre,\u2026 Nous sommes les seuls \u00e0 collecter et conserver ces informations additionnelles, nous les utilisons dans nos analyses afin d\u2019am\u00e9liorer nos services.<\/p>\n<p>Lorsque nous vous demandons de saisir vos donn\u00e9es personnelles pour acc\u00e9der \u00e0 une fonctionnalit\u00e9, certaines donn\u00e9es sont des champs obligatoires puisqu\u2019il s\u2019agit de donn\u00e9es dont nous avons besoin pour vous permettre d\u2019acc\u00e9der \u00e0 cette fonctionnalit\u00e9 (par exemple pour vous livrer un colis nous avons besoin de votre adresse postale).<\/p>\n<p>Il est important que les informations personnelles partag\u00e9es \u00e0 votre sujet soient correctes et mises \u00e0 jour. Veuillez nous informer de tout changement d\u2019informations.<\/p>\n<p>Nous ne sauvegardons d\u2019aucune sorte les informations personnelles \u00e0 caract\u00e8re sensible, aussi notre site internet n\u2019\u00e9tant pas destin\u00e9 aux enfants nous ne conservons aucune donn\u00e9e relative aux enfants.<\/p>\n<h4><b>B) Donn\u00e9es obtenues via cookies<\/b><\/h4>\n<p>Sous r\u00e9serve de votre consentement, nous utilisons des cookies et d\u2019autres technologies similaires pour faciliter votre navigation sur notre site en l\u2019adaptant \u00e0 votre \u00e9quipement ou moteur de recherche et vous proposer des produits qui correspondent \u00e0 vos habitudes d\u2019achat.<\/p>\n<p>&#8211; Donn\u00e9es d\u2019utilisation &#8211; ces informations int\u00e8grent les produits et services que vous avez achet\u00e9s chez nous et la fa\u00e7on dont vous utilisez notre site internet et nos applications.<\/p>\n<p>Donn\u00e9es techniques &#8211; ces informations comprennent :<\/p>\n<p>&#8211; Votre adresse IP, votre moteur de recherche et sa version, votre location et fuseau horaire, votre extension de navigateur, le syst\u00e8me d\u2019exploitation et la plateforme, mais aussi d\u2019autres donn\u00e9es techniques sur l\u2019appareil que vous utilisez pour naviguer sur notre site.<\/p>\n<p>&#8211; Des informations sur votre visite, incluant les URL et votre parcours de clics, depuis et sur notre site internet (incluant date et heure) ; les produits que vous avez consult\u00e9s ou recherch\u00e9s ; le temps de r\u00e9ponse des pages, les erreurs de t\u00e9l\u00e9chargements, la dur\u00e9e pass\u00e9e sur les pages, l\u2019interaction sur les pages (telles que les clics et mouvements de curseur), la fa\u00e7on dont vous quittez les pages<\/p>\n<h3><b>3- POUR QUOI UTILISONS-NOUS VOS DONN\u00c9ES PERSONNELLES ?<\/b><\/h3>\n<p>Selon le type de donn\u00e9es dont nous disposons \u00e0 votre sujet, nous pourrons les traiter pour les finalit\u00e9s suivantes:<\/p>\n<p>&#8211; Pour g\u00e9rer votre inscription comme utilisateur de notre site : si vous souhaitez utiliser nos services, nous avons besoin de traiter vos donn\u00e9es pour vous identifier comme utilisateur du site et vous permettre d\u2019acc\u00e9der aux diff\u00e9rentes fonctionnalit\u00e9s ainsi qu\u2019\u00e0 des services personnalis\u00e9s. Vous pouvez \u00e0 tout moment supprimer votre compte en nous contactant.<\/p>\n<p>&#8211; Pour ex\u00e9cuter avec vous un contrat d\u2019achat : vos donn\u00e9es nous servent alors \u00e0 vous tenir au courant de l\u2019\u00e9tat de votre commande, pr\u00e9parer votre commande, accepter votre paiement, vous donner acc\u00e8s au service apr\u00e8s-vente, vous faire rembourser votre commande. Elles nous permettent \u00e9galement de pr\u00e9venir d\u2019\u00e9ventuelles fraudes contre vous-m\u00eames et contre nous lors de l\u2019achat. Si nous consid\u00e9rons l\u2019action comme frauduleuse, ce traitement peut nous permettre de bloquer la transaction.<\/p>\n<p>&#8211; Pour r\u00e9pondre aux requ\u00eates adress\u00e9es au service client<\/p>\n<p>&#8211; Pour l\u2019am\u00e9lioration de nos services : en utilisant notre site, vous \u00eates inform\u00e9s que nous traitons vos donn\u00e9es de navigation et d\u2019achat \u00e0 des fins d\u2019analyse et de statistique. Elles nous permettent en effet de mieux comprendre la fa\u00e7on dont vous utilisez notre site afin d\u2019en am\u00e9liorer l\u2019ergonomie et la qualit\u00e9 des services.<\/p>\n<p>&#8211; Pour des finalit\u00e9s marketing : si vous \u00eates abonn\u00e9 \u00e0 notre Newsletter, nous traitons vos donn\u00e9es pour g\u00e9rer votre abonnement et vous envoyer des informations cibl\u00e9es via email. Nous avons besoin de votre consentement pour tout marketing direct. Vous pouvez \u00e9galement \u00e0 tout moment vous d\u00e9sinscrire de nos communications (par exemple pour vous d\u00e9sabonner de la newsletter, il suffit de cliquer sur le bouton \u00ab Se d\u00e9sabonner. \u00bb pr\u00e9sent en bas de l\u2019ensemble de nos newsletters et de valider votre d\u00e9sinscription).<\/p>\n<p>Dans le cas o\u00f9 vous nous avez donn\u00e9 votre accord afin de recevoir du contenu de marketing direct via notre newsletter, nous pouvons utiliser les informations que vous nous avez fournies pour les finalit\u00e9s suivantes :<\/p>\n<p>&#8211; Partage d\u2019information sur nos \u00e9v\u00e9nements, produits, services, offres en cours<\/p>\n<p>&#8211; Recommandations sur certains produits ou services qui pourraient vous int\u00e9resser<\/p>\n<p>&#8211; Etude clients afin de mieux comprendre vos attentes concernant nos produits et services propos\u00e9s par notre site.<\/p>\n<h3><b>4- LES TIERCES PARTIES<\/b><\/h3>\n<p>Dans le cadre de votre utilisation de notre site, vous pouvez \u00eatre amen\u00e9 \u00e0 recevoir des informations de tierces parties avec lesquelles nous travaillons pour vous offrir certains services. Il peut s\u2019agir de :<\/p>\n<p>&#8211; Des \u00e9tablissements financiers<\/p>\n<p>&#8211; Des entit\u00e9s de d\u00e9tection et de pr\u00e9vention des fraudes<\/p>\n<p>&#8211; Des services de logistique, transport et livraison<\/p>\n<p>&#8211; Des prestataires de service li\u00e9s au marketing et \u00e0 la publicit\u00e9<\/p>\n<p>Nous pouvons partager vos informations avec nos tierces parties pour les raisons suivantes par exemple :<\/p>\n<p>&#8211; Les services de paiements afin de proc\u00e9der au paiement ;<\/p>\n<p>&#8211; Les entreprises de livraison afin de livrer votre commande ;<\/p>\n<p>&#8211; Les agences de cr\u00e9dit et pr\u00e9vention de fraude afin de v\u00e9rifier votre cr\u00e9dit et votre identit\u00e9 ;<\/p>\n<p>&#8211; Les logiciels d\u2019analyse qui nous permettent de traiter vos informations afin d\u2019optimiser votre parcours d\u2019achat sur notre site<\/p>\n<p>Nous demandons aux tierces parties de s\u2019engager dans le respect de la s\u00e9curit\u00e9 de vos informations personnelles en accord avec la loi. Les tierces parties peuvent seulement utiliser vos informations personnelles selon nos instructions et non pour leur propre usage.<\/p>\n<h3><b>5- QUELS SONT VOS DROITS ?<\/b><\/h3>\n<h4><b>A) Fondements l\u00e9gaux :<\/b><\/h4>\n<p>Pour le traitement de vos donn\u00e9es, nous nous basons sur des fondements l\u00e9gaux qui d\u00e9pendent de la fa\u00e7on dont vous interagissez avec notre site.<\/p>\n<p>&#8211; Quand vous achetez des produits \u00e0 partir de notre site, nous avons besoin de vos donn\u00e9es personnelles pour ex\u00e9cuter le contrat qui nous lie \u00e0 vous. Nous avons par exemple besoin de vos coordonn\u00e9s pour livrer votre commande.<\/p>\n<p>&#8211; Nous nous basons \u00e9galement d\u2019autres fondements l\u00e9gaux tels que vos int\u00e9r\u00eats l\u00e9gitimes. Nous consid\u00e9rons par exemple qu\u2019il est dans votre int\u00e9r\u00eat que votre identit\u00e9 ne puisse \u00eatre utilis\u00e9 \u00e0 des fins frauduleuses, que les personnes de notre service client ait acc\u00e8s \u00e0 vos informations de commande pour mieux vous servir, que nous puissions mieux comprendre votre utilisation de notre site pour am\u00e9liorer son ergonomie et les services que nous vous proposons<\/p>\n<p>&#8211; Nous respectons l\u2019importance accord\u00e9e au consentement dans la nouvelle loi de la RGPD.<\/p>\n<h4><b>B) Le consentement<\/b><\/h4>\n<p>Votre consentement doit \u00eatre donn\u00e9 de fa\u00e7on clair et univoque. C\u2019est pourquoi, lorsque vous acceptez de recevoir nos communications (via newsletters notamment) :<\/p>\n<p>&#8211; Nous vous expliquons l\u2019usage que nous allons faire de vos donn\u00e9es et le type de communication que vous allez recevoir<\/p>\n<p>&#8211; Vous devez cocher une case validant votre consentement pour \u00eatre abonn\u00e9<\/p>\n<p>&#8211; Les enfants de moins de 13 ans ne peuvent donner leur consentement<\/p>\n<p>&#8211; Vous pouvez \u00e0 tout moment retirer votre consentement. Dans le cas o\u00f9 vous souhaitez vous d\u00e9sabonner de notre marketing direct via newsletter, vous pouvez \u00e0 tout moment vous d\u00e9sabonner en cliquant sur le lien situ\u00e9 en bas de chaque email \u00ab Se d\u00e9sabonner \u00bb Une page s\u2019ouvre alors et il vous suffit de cliquer sur le bouton \u00ab valider votre d\u00e9sinscription \u00bb. Si vous poss\u00e9dez un compte client sur notre site internet, vous pouvez aussi vous d\u00e9sabonner ou modifier vos pr\u00e9f\u00e9rences en vous connectant \u00e0 votre profil.<\/p>\n<p>Les cookies (incluant ceux dans les banni\u00e8res de publicit\u00e9) requi\u00e8rent un d\u00e9sabonnement sp\u00e9cifique.<\/p>\n<h4><b>C) Autres droits<\/b><\/h4>\n<p>Conform\u00e9ment \u00e0 la loi &#8220;Informatique et Libert\u00e9&#8221; du 6 Janvier 1978, telle que modifi\u00e9e par la loi du 6 ao\u00fbt 2004, le Client b\u00e9n\u00e9ficie d&#8217;un droit d&#8217;acc\u00e8s, de rectification, de modification et de suppression aux donn\u00e9es le concernant.<\/p>\n<p>&#8211; Droit d\u2019acc\u00e8s aux donn\u00e9es : vous offrir la possibilit\u00e9 de recevoir une copie des informations personnelles que nous poss\u00e9dons \u00e0 votre sujet<\/p>\n<p>&#8211; Droit \u00e0 la rectification : vous laisser la possibilit\u00e9 de demander la correction d\u2019informations inexactes vous concernant.<\/p>\n<p>&#8211; Droit \u00e0 la suppression de vos donn\u00e9es personnelles : vous donner le moyen de nous demander la suppression de vos donn\u00e9es.<\/p>\n<p>Le site est d\u00e9clar\u00e9 \u00e0 la Commission Nationale de l\u2019Informatique et des Libert\u00e9s &#8211; CNIL sous le n\u00b0 1760234 du 22 avril\u00a02014.<\/p>\n<p>Ind\u00e9pendamment de la finalit\u00e9 ou de la base l\u00e9gale en vertu de laquelle nous traitons vos donn\u00e9es, vous pouvez donc \u00e0 tout moment et sans aucun co\u00fbt nous adresser un courrier \u00e9lectronique pour b\u00e9n\u00e9ficier de vos droits : contact@lampandco.com<\/p>\n<p>Ou nous faire parvenir un courrier \u00e0 l\u2019adresse suivante :<\/p>\n<p>Lamp&amp;Co<\/p>\n<p>16 avenue Jean Jaur\u00e8s<\/p>\n<p>77250 Moret sur Loing<\/p>\n<p>France<\/p>\n<p>Veuillez cependant noter que nous ne sommes pas toujours en mesure de r\u00e9pondre \u00e0 cette demande pour des raisons l\u00e9gales que nous vous expliquerons, le cas \u00e9ch\u00e9ant, apr\u00e8s avoir re\u00e7u votre demande.<\/p>\n<p>Si vous disposez d\u2019un compte client, vous pouvez \u00e9galement modifier vos coordonn\u00e9es personnelles depuis votre espace client en vous identifiant \u00e0 l\u2019aide de votre adresse \u00e9lectronique et de votre mot de passe.<\/p>\n<h3><b>6- S\u00c9CURIT\u00c9 DE VOS INFORMATIONS PERSONNELLES<\/b><\/h3>\n<p>Notre site internet dispose de mesures de s\u00e9curit\u00e9 appropri\u00e9es afin de pr\u00e9venir de perte, utilisation ou acc\u00e8s non autoris\u00e9, modification ou divulgation de vos informations personnelles. Toutes les donn\u00e9es que vous nous fournissez sont sauvegard\u00e9es sur des serveurs s\u00e9curis\u00e9s. Nous avons aussi mis en place des proc\u00e9dures afin de g\u00e9rer toute violation de donn\u00e9es \u00e0 caract\u00e8re personnel.<\/p>\n<p>Dans le cas d\u2019une cr\u00e9ation de compte, vous avez choisi un mot de passe. Vous \u00eates responsable de la confidentialit\u00e9 de ce mot de passe. C\u2019est pourquoi nous vous recommandons de choisir un mot de passe efficace et de ne pas le partager.<\/p>\n<p>Nous vous recommandons de vous connecter seulement sur des r\u00e9seaux s\u00e9curis\u00e9s, pr\u00e9f\u00e9rablement des r\u00e9seaux priv\u00e9s. Restez conscients des risques encourus sur les r\u00e9seaux wifi publiques.<\/p>\n<p>Si vous recevez un e-mail pr\u00e9tendant \u00eatre la marque pour laquelle nous travaillons et vous demandant de fournir des informations personnelles, veuillez ne pas r\u00e9pondre et nous transf\u00e9rer cet email afin que nous mettions en place les actions n\u00e9cessaires.<\/p>\n<p>L\u2019ensemble de nos prestataires travaillent au sein de l\u2019Espace \u00c9conomique Europ\u00e9en (EEE) et doivent donc se plier \u00e0 la m\u00eame l\u00e9gislation que nous. Dans le cas o\u00f9 certains seraient situ\u00e9s hors de cet espace, nous tenons \u00e0 vous assurer que le transfert de vos donn\u00e9es sera effectu\u00e9 avec le soin appropri\u00e9.<\/p>\n<h3><b>7- LE TEMPS DE CONSERVATION DE VOS DONN\u00c9ES PERSONNELLES<\/b><\/h3>\n<p>Nous conserverons vos donn\u00e9es aussi longtemps que vous restez client mais aussi apr\u00e8s, afin de r\u00e9pondre \u00e0 toutes questions, plaintes, ou bien pour maintenir toutes les donn\u00e9es n\u00e9cessaires afin de r\u00e9pondre \u00e0 des exigences l\u00e9gales, de comptabilit\u00e9 ou analyses.<\/p>\n<p>Toute modification pour cette politique sera mise \u00e0 jour sur cette page, si appropri\u00e9e, celle-ci vous sera notifi\u00e9e par e-mail.<\/p>\n","protected":false},"excerpt":{"rendered":"<p>1 &#8211; ABOUT US : The data controller for your personal information is\u00a0: L&amp;C Workshop SARL (hereafter Lamp &amp; Co) Lamp&amp;Co is\u00a0registered with the register of commerce and companies of Melun under number 881 557 805. having its registered office at 16, avenue Jean Jaur\u00e8s \u2013 77250 Moret sur Loing (France). 2-YOUR PERSONAL DATA : &hellip;<\/p>\n","protected":false},"author":4,"featured_media":0,"parent":0,"menu_order":0,"comment_status":"closed","ping_status":"closed","template":"","meta":{"footnotes":"","_vp_format_video_url":"","_vp_image_focal_point":[]},"_links":{"self":[{"href":"https:\/\/www.lampandco.com\/en\/wp-json\/wp\/v2\/pages\/10952"}],"collection":[{"href":"https:\/\/www.lampandco.com\/en\/wp-json\/wp\/v2\/pages"}],"about":[{"href":"https:\/\/www.lampandco.com\/en\/wp-json\/wp\/v2\/types\/page"}],"author":[{"embeddable":true,"href":"https:\/\/www.lampandco.com\/en\/wp-json\/wp\/v2\/users\/4"}],"replies":[{"embeddable":true,"href":"https:\/\/www.lampandco.com\/en\/wp-json\/wp\/v2\/comments?post=10952"}],"version-history":[{"count":2,"href":"https:\/\/www.lampandco.com\/en\/wp-json\/wp\/v2\/pages\/10952\/revisions"}],"predecessor-version":[{"id":23027,"href":"https:\/\/www.lampandco.com\/en\/wp-json\/wp\/v2\/pages\/10952\/revisions\/23027"}],"wp:attachment":[{"href":"https:\/\/www.lampandco.com\/en\/wp-json\/wp\/v2\/media?parent=10952"}],"curies":[{"name":"wp","href":"https:\/\/api.w.org\/{rel}","templated":true}]}}