{"id":21461,"date":"2020-02-18T00:14:58","date_gmt":"2020-02-17T23:14:58","guid":{"rendered":"https:\/\/www.lampandco.com\/?post_type=product&#038;p=21461"},"modified":"2025-06-06T18:33:56","modified_gmt":"2025-06-06T16:33:56","slug":"pierre-jeanneret-straw-armchair-1945","status":"publish","type":"product","link":"https:\/\/www.lampandco.com\/en\/product\/pierre-jeanneret-straw-armchair-1945\/","title":{"rendered":"Pierre Jeanneret, straw armchair, 1945."},"content":{"rendered":"<p>Armchair by Pierre Jeanneret circa 1945.<\/p>\n<p>Solid wood structure.<br \/>\nSeat and back made of straw.<br \/>\nCushion professionally made as original.<\/p>\n<p>Bibliography : P. Sulzer, &#8220;Jean Prouv\u00e9, \u0153uvre compl\u00e8te&#8221;, Editions Birkauser, B\u00e2le, 2005, Vol. 2, p. 271.<\/p>\n<p>DIMENSIONS<\/p>\n<p>Width: 65.0cm<br \/>\nHeight: 94.5cm<br \/>\nDepth: 65.0cm<br \/>\nSeat height: 48.0cm<br \/>\nSeat height without cushion: 43.0cm<\/p>\n<p>CONDITION<\/p>\n<p>Very good vintage condition.<\/p>\n<p>DELIVERY<\/p>\n<p>This piece cannot be sent by post, it needs to be delivered by carrier. Do not hesitate to ask for a quote.<\/p>\n<p><a href=\"https:\/\/www.lampandco.com\/designer\/pierre-jeanneret\/\">#pierrejeanneret<\/a><a href=\"https:\/\/www.lampandco.com\/en\/designer\/charlotte-perriand\/\"><\/a><\/p>\n","protected":false},"excerpt":{"rendered":"<p>Armchair by Pierre Jeanneret circa 1945.<\/p>\n<p>Solid wood structure.<br \/>\nSeat and back made of straw.<br \/>\nCushion professionally made as original.<\/p>\n<p>Bibliography : P. Sulzer, &#8220;Jean Prouv\u00e9, \u0153uvre compl\u00e8te&#8221;, Editions Birkauser, B\u00e2le, 2005, Vol. 2, p. 271.<\/p>\n<p>&nbsp;<\/p>\n<p>Very good vintage condition.<\/p>\n<p>This piece cannot be sent by post, it needs to be delivered by carrier. Do not hesitate to ask for a quote.<\/p>\n<p><a href=\"https:\/\/www.lampandco.com\/designer\/pierre-jeanneret\/\">#pierrejeanneret<\/a><\/p>\n","protected":false},"featured_media":34481,"template":"","meta":{"_vp_format_video_url":"","_vp_image_focal_point":[]},"product_cat":[112,119],"product_tag":[288,435,1114,1289,101,484,534,1068,1334],"_links":{"self":[{"href":"https:\/\/www.lampandco.com\/en\/wp-json\/wp\/v2\/product\/21461"}],"collection":[{"href":"https:\/\/www.lampandco.com\/en\/wp-json\/wp\/v2\/product"}],"about":[{"href":"https:\/\/www.lampandco.com\/en\/wp-json\/wp\/v2\/types\/product"}],"wp:featuredmedia":[{"embeddable":true,"href":"https:\/\/www.lampandco.com\/en\/wp-json\/wp\/v2\/media\/34481"}],"wp:attachment":[{"href":"https:\/\/www.lampandco.com\/en\/wp-json\/wp\/v2\/media?parent=21461"}],"wp:term":[{"taxonomy":"product_cat","embeddable":true,"href":"https:\/\/www.lampandco.com\/en\/wp-json\/wp\/v2\/product_cat?post=21461"},{"taxonomy":"product_tag","embeddable":true,"href":"https:\/\/www.lampandco.com\/en\/wp-json\/wp\/v2\/product_tag?post=21461"}],"curies":[{"name":"wp","href":"https:\/\/api.w.org\/{rel}","templated":true}]}}